{"id":11793,"date":"2025-02-10T10:07:00","date_gmt":"2025-02-10T10:07:02","guid":{"rendered":"https:\/\/niwa.swiss\/?post_type=product&#038;p=11793"},"modified":"2025-02-18T21:18:44","modified_gmt":"2025-02-18T21:18:44","slug":"niwa-curl-tonge","status":"publish","type":"product","link":"https:\/\/niwa.swiss\/en\/produkt\/niwa-curl-tonge\/","title":{"rendered":"niwa Curl Tong"},"content":{"rendered":"","protected":false},"excerpt":{"rendered":"<p><strong>niwa embodies Swiss quality and <\/strong><br \/>\n<strong>reliability through high-tech.<\/strong><\/p>\n<p>Experience the ultimate hair styling experience with our new curling iron: the Niwa Curl Tong.<\/p>\n<ul>\n<li><strong>Ergonomic design:<\/strong> Comfortable handle for smooth handling.<\/li>\n<li><strong>Precise temperature control: <\/strong>Precise temperature control and fast heating.<\/li>\n<li><strong>Easy to operate:<\/strong> Switch-on button for direct highest temperature.<\/li>\n<li><strong>Hair care technology: <\/strong>Elektroplattiertes Titan sorgt f\u00fcr gleichm\u00e4ssige Erw\u00e4rmung und sch\u00fctzt Dein Haar.<\/li>\n<li><strong>Flexible Styling:<\/strong> The 360\u00b0 swivel cable makes it easy to create beautiful hairstyles.<\/li>\n<\/ul>\n<p>Achieve effortless salon quality at home with the Niwa Curl Tong.<\/p>\n","protected":false},"featured_media":11858,"comment_status":"open","ping_status":"closed","template":"","meta":[],"product_brand":[],"product_cat":[105],"product_tag":[],"class_list":{"0":"post-11793","1":"product","2":"type-product","3":"status-publish","4":"has-post-thumbnail","6":"product_cat-styler-en","8":"first","9":"instock","10":"taxable","11":"shipping-taxable","12":"purchasable","13":"product-type-variable"},"yoast_head":"<!-- This site is optimized with the Yoast SEO plugin v26.4 - https:\/\/yoast.com\/wordpress\/plugins\/seo\/ -->\r\n<title>niwa Curl Tong - niwa.swiss - for professional use<\/title>\r\n<meta name=\"robots\" content=\"index, follow, max-snippet:-1, max-image-preview:large, max-video-preview:-1\" \/>\r\n<link rel=\"canonical\" href=\"https:\/\/niwa.swiss\/en\/produkt\/niwa-curl-tonge\/\" \/>\r\n<meta property=\"og:locale\" content=\"en_US\" \/>\r\n<meta property=\"og:type\" content=\"article\" \/>\r\n<meta property=\"og:title\" content=\"niwa Curl Tong - niwa.swiss - for professional use\" \/>\r\n<meta property=\"og:description\" content=\"niwa embodies Swiss quality and reliability through high-tech. Experience the ultimate hair styling experience with our new curling iron: the Niwa Curl Tong.  Ergonomic design: Comfortable handle for smooth handling.  Precise temperature control: Precise temperature control and fast heating.  Easy to operate: Switch-on button for direct highest temperature.  Hair care technology: Elektroplattiertes Titan sorgt f\u00fcr gleichm\u00e4ssige Erw\u00e4rmung und sch\u00fctzt Dein Haar.  Flexible Styling: The 360\u00b0 swivel cable makes it easy to create beautiful hairstyles. Achieve effortless salon quality at home with the Niwa Curl Tong.\" \/>\r\n<meta property=\"og:url\" content=\"https:\/\/niwa.swiss\/en\/produkt\/niwa-curl-tonge\/\" \/>\r\n<meta property=\"og:site_name\" content=\"niwa.swiss - for professional use\" \/>\r\n<meta property=\"article:modified_time\" content=\"2025-02-18T21:18:44+00:00\" \/>\r\n<meta property=\"og:image\" content=\"https:\/\/niwa.swiss\/wp-content\/uploads\/2025\/02\/niwa_curl-tong-web.jpg\" \/>\r\n\t<meta property=\"og:image:width\" content=\"1256\" \/>\r\n\t<meta property=\"og:image:height\" content=\"703\" \/>\r\n\t<meta property=\"og:image:type\" content=\"image\/jpeg\" \/>\r\n<meta name=\"twitter:card\" content=\"summary_large_image\" \/>\r\n<script type=\"application\/ld+json\" class=\"yoast-schema-graph\">{\"@context\":\"https:\/\/schema.org\",\"@graph\":[{\"@type\":\"WebPage\",\"@id\":\"https:\/\/niwa.swiss\/en\/produkt\/niwa-curl-tonge\/\",\"url\":\"https:\/\/niwa.swiss\/en\/produkt\/niwa-curl-tonge\/\",\"name\":\"niwa Curl Tong - niwa.swiss - for professional use\",\"isPartOf\":{\"@id\":\"https:\/\/niwa.swiss\/en\/#website\"},\"primaryImageOfPage\":{\"@id\":\"https:\/\/niwa.swiss\/en\/produkt\/niwa-curl-tonge\/#primaryimage\"},\"image\":{\"@id\":\"https:\/\/niwa.swiss\/en\/produkt\/niwa-curl-tonge\/#primaryimage\"},\"thumbnailUrl\":\"https:\/\/niwa.swiss\/wp-content\/uploads\/2025\/02\/niwa_curl-tong-web.jpg\",\"datePublished\":\"2025-02-10T10:07:02+00:00\",\"dateModified\":\"2025-02-18T21:18:44+00:00\",\"breadcrumb\":{\"@id\":\"https:\/\/niwa.swiss\/en\/produkt\/niwa-curl-tonge\/#breadcrumb\"},\"inLanguage\":\"en-US\",\"potentialAction\":[{\"@type\":\"ReadAction\",\"target\":[\"https:\/\/niwa.swiss\/en\/produkt\/niwa-curl-tonge\/\"]}]},{\"@type\":\"ImageObject\",\"inLanguage\":\"en-US\",\"@id\":\"https:\/\/niwa.swiss\/en\/produkt\/niwa-curl-tonge\/#primaryimage\",\"url\":\"https:\/\/niwa.swiss\/wp-content\/uploads\/2025\/02\/niwa_curl-tong-web.jpg\",\"contentUrl\":\"https:\/\/niwa.swiss\/wp-content\/uploads\/2025\/02\/niwa_curl-tong-web.jpg\",\"width\":1256,\"height\":703},{\"@type\":\"BreadcrumbList\",\"@id\":\"https:\/\/niwa.swiss\/en\/produkt\/niwa-curl-tonge\/#breadcrumb\",\"itemListElement\":[{\"@type\":\"ListItem\",\"position\":1,\"name\":\"Startseite\",\"item\":\"https:\/\/niwa.swiss\/en\/home-minimalism\/\"},{\"@type\":\"ListItem\",\"position\":2,\"name\":\"Shop\",\"item\":\"https:\/\/niwa.swiss\/en\/shop-2\/\"},{\"@type\":\"ListItem\",\"position\":3,\"name\":\"niwa Curl Tong\"}]},{\"@type\":\"WebSite\",\"@id\":\"https:\/\/niwa.swiss\/en\/#website\",\"url\":\"https:\/\/niwa.swiss\/en\/\",\"name\":\"niwa.swiss - for professional use\",\"description\":\"NEW PRODUCT TECHNOLOGY\",\"potentialAction\":[{\"@type\":\"SearchAction\",\"target\":{\"@type\":\"EntryPoint\",\"urlTemplate\":\"https:\/\/niwa.swiss\/en\/?s={search_term_string}\"},\"query-input\":{\"@type\":\"PropertyValueSpecification\",\"valueRequired\":true,\"valueName\":\"search_term_string\"}}],\"inLanguage\":\"en-US\"}]}<\/script>\r\n<!-- \/ Yoast SEO plugin. -->","yoast_head_json":{"title":"niwa Curl Tong - niwa.swiss - for professional use","robots":{"index":"index","follow":"follow","max-snippet":"max-snippet:-1","max-image-preview":"max-image-preview:large","max-video-preview":"max-video-preview:-1"},"canonical":"https:\/\/niwa.swiss\/en\/produkt\/niwa-curl-tonge\/","og_locale":"en_US","og_type":"article","og_title":"niwa Curl Tong - niwa.swiss - for professional use","og_description":"niwa embodies Swiss quality and reliability through high-tech. Experience the ultimate hair styling experience with our new curling iron: the Niwa Curl Tong.  Ergonomic design: Comfortable handle for smooth handling.  Precise temperature control: Precise temperature control and fast heating.  Easy to operate: Switch-on button for direct highest temperature.  Hair care technology: Elektroplattiertes Titan sorgt f\u00fcr gleichm\u00e4ssige Erw\u00e4rmung und sch\u00fctzt Dein Haar.  Flexible Styling: The 360\u00b0 swivel cable makes it easy to create beautiful hairstyles. Achieve effortless salon quality at home with the Niwa Curl Tong.","og_url":"https:\/\/niwa.swiss\/en\/produkt\/niwa-curl-tonge\/","og_site_name":"niwa.swiss - for professional use","article_modified_time":"2025-02-18T21:18:44+00:00","og_image":[{"width":1256,"height":703,"url":"https:\/\/niwa.swiss\/wp-content\/uploads\/2025\/02\/niwa_curl-tong-web.jpg","type":"image\/jpeg"}],"twitter_card":"summary_large_image","schema":{"@context":"https:\/\/schema.org","@graph":[{"@type":"WebPage","@id":"https:\/\/niwa.swiss\/en\/produkt\/niwa-curl-tonge\/","url":"https:\/\/niwa.swiss\/en\/produkt\/niwa-curl-tonge\/","name":"niwa Curl Tong - niwa.swiss - for professional use","isPartOf":{"@id":"https:\/\/niwa.swiss\/en\/#website"},"primaryImageOfPage":{"@id":"https:\/\/niwa.swiss\/en\/produkt\/niwa-curl-tonge\/#primaryimage"},"image":{"@id":"https:\/\/niwa.swiss\/en\/produkt\/niwa-curl-tonge\/#primaryimage"},"thumbnailUrl":"https:\/\/niwa.swiss\/wp-content\/uploads\/2025\/02\/niwa_curl-tong-web.jpg","datePublished":"2025-02-10T10:07:02+00:00","dateModified":"2025-02-18T21:18:44+00:00","breadcrumb":{"@id":"https:\/\/niwa.swiss\/en\/produkt\/niwa-curl-tonge\/#breadcrumb"},"inLanguage":"en-US","potentialAction":[{"@type":"ReadAction","target":["https:\/\/niwa.swiss\/en\/produkt\/niwa-curl-tonge\/"]}]},{"@type":"ImageObject","inLanguage":"en-US","@id":"https:\/\/niwa.swiss\/en\/produkt\/niwa-curl-tonge\/#primaryimage","url":"https:\/\/niwa.swiss\/wp-content\/uploads\/2025\/02\/niwa_curl-tong-web.jpg","contentUrl":"https:\/\/niwa.swiss\/wp-content\/uploads\/2025\/02\/niwa_curl-tong-web.jpg","width":1256,"height":703},{"@type":"BreadcrumbList","@id":"https:\/\/niwa.swiss\/en\/produkt\/niwa-curl-tonge\/#breadcrumb","itemListElement":[{"@type":"ListItem","position":1,"name":"Startseite","item":"https:\/\/niwa.swiss\/en\/home-minimalism\/"},{"@type":"ListItem","position":2,"name":"Shop","item":"https:\/\/niwa.swiss\/en\/shop-2\/"},{"@type":"ListItem","position":3,"name":"niwa Curl Tong"}]},{"@type":"WebSite","@id":"https:\/\/niwa.swiss\/en\/#website","url":"https:\/\/niwa.swiss\/en\/","name":"niwa.swiss - for professional use","description":"NEW PRODUCT TECHNOLOGY","potentialAction":[{"@type":"SearchAction","target":{"@type":"EntryPoint","urlTemplate":"https:\/\/niwa.swiss\/en\/?s={search_term_string}"},"query-input":{"@type":"PropertyValueSpecification","valueRequired":true,"valueName":"search_term_string"}}],"inLanguage":"en-US"}]}},"_links":{"self":[{"href":"https:\/\/niwa.swiss\/en\/wp-json\/wp\/v2\/product\/11793","targetHints":{"allow":["GET"]}}],"collection":[{"href":"https:\/\/niwa.swiss\/en\/wp-json\/wp\/v2\/product"}],"about":[{"href":"https:\/\/niwa.swiss\/en\/wp-json\/wp\/v2\/types\/product"}],"replies":[{"embeddable":true,"href":"https:\/\/niwa.swiss\/en\/wp-json\/wp\/v2\/comments?post=11793"}],"version-history":[{"count":0,"href":"https:\/\/niwa.swiss\/en\/wp-json\/wp\/v2\/product\/11793\/revisions"}],"wp:featuredmedia":[{"embeddable":true,"href":"https:\/\/niwa.swiss\/en\/wp-json\/wp\/v2\/media\/11858"}],"wp:attachment":[{"href":"https:\/\/niwa.swiss\/en\/wp-json\/wp\/v2\/media?parent=11793"}],"wp:term":[{"taxonomy":"product_brand","embeddable":true,"href":"https:\/\/niwa.swiss\/en\/wp-json\/wp\/v2\/product_brand?post=11793"},{"taxonomy":"product_cat","embeddable":true,"href":"https:\/\/niwa.swiss\/en\/wp-json\/wp\/v2\/product_cat?post=11793"},{"taxonomy":"product_tag","embeddable":true,"href":"https:\/\/niwa.swiss\/en\/wp-json\/wp\/v2\/product_tag?post=11793"}],"curies":[{"name":"wp","href":"https:\/\/api.w.org\/{rel}","templated":true}]}}