{"id":10936,"date":"2020-11-04T16:54:06","date_gmt":"2021-05-10T09:21:41","guid":{"rendered":"https:\/\/niwa.swiss\/produkt\/dryer-color\/"},"modified":"2023-11-28T00:00:41","modified_gmt":"2023-11-28T00:00:41","slug":"dryer-color-2","status":"publish","type":"product","link":"https:\/\/niwa.swiss\/fr\/produkt\/dryer-color-2\/","title":{"rendered":"dryer color"},"content":{"rendered":"\t\t<div data-elementor-type=\"wp-post\" data-elementor-id=\"10936\" class=\"elementor elementor-10936 elementor-10644\" data-elementor-post-type=\"product\">\n\t\t\t\t\t\t<section class=\"wd-negative-gap elementor-section elementor-top-section elementor-element elementor-element-5acf960 elementor-section-boxed elementor-section-height-default elementor-section-height-default\" data-id=\"5acf960\" data-element_type=\"section\">\n\t\t\t\t\t\t<div class=\"elementor-container elementor-column-gap-default\">\n\t\t\t\t\t<div class=\"elementor-column elementor-col-100 elementor-top-column elementor-element elementor-element-6d21d43\" data-id=\"6d21d43\" data-element_type=\"column\">\n\t\t\t<div class=\"elementor-widget-wrap elementor-element-populated\">\n\t\t\t\t\t\t<section class=\"wd-negative-gap elementor-section elementor-inner-section elementor-element elementor-element-8d3ecff elementor-section-boxed elementor-section-height-default elementor-section-height-default\" data-id=\"8d3ecff\" data-element_type=\"section\">\n\t\t\t\t\t\t<div class=\"elementor-container elementor-column-gap-default\">\n\t\t\t\t\t<div class=\"elementor-column elementor-col-50 elementor-inner-column elementor-element elementor-element-ceebb5c\" data-id=\"ceebb5c\" data-element_type=\"column\">\n\t\t\t<div class=\"elementor-widget-wrap elementor-element-populated\">\n\t\t\t\t\t\t<div class=\"elementor-element elementor-element-777f013 elementor-widget elementor-widget-image\" data-id=\"777f013\" data-element_type=\"widget\" data-widget_type=\"image.default\">\n\t\t\t\t<div class=\"elementor-widget-container\">\n\t\t\t\t\t\t\t\t\t\t\t\t\t\t\t<img decoding=\"async\" width=\"781\" height=\"1332\" src=\"https:\/\/niwa.swiss\/wp-content\/uploads\/2020\/11\/niwa-dryer-plus-tech.jpg\" class=\"attachment-full size-full wp-image-11002\" alt=\"\" srcset=\"https:\/\/niwa.swiss\/wp-content\/uploads\/2020\/11\/niwa-dryer-plus-tech.jpg 781w, https:\/\/niwa.swiss\/wp-content\/uploads\/2020\/11\/niwa-dryer-plus-tech-176x300.jpg 176w, https:\/\/niwa.swiss\/wp-content\/uploads\/2020\/11\/niwa-dryer-plus-tech-600x1024.jpg 600w, https:\/\/niwa.swiss\/wp-content\/uploads\/2020\/11\/niwa-dryer-plus-tech-768x1310.jpg 768w, https:\/\/niwa.swiss\/wp-content\/uploads\/2020\/11\/niwa-dryer-plus-tech-150x256.jpg 150w\" sizes=\"(max-width: 781px) 100vw, 781px\" \/>\t\t\t\t\t\t\t\t\t\t\t\t\t\t\t<\/div>\n\t\t\t\t<\/div>\n\t\t\t\t\t<\/div>\n\t\t<\/div>\n\t\t\t\t<div class=\"elementor-column elementor-col-50 elementor-inner-column elementor-element elementor-element-7a37ea7\" data-id=\"7a37ea7\" data-element_type=\"column\">\n\t\t\t<div class=\"elementor-widget-wrap\">\n\t\t\t\t\t\t\t<\/div>\n\t\t<\/div>\n\t\t\t\t\t<\/div>\n\t\t<\/section>\n\t\t\t\t<div class=\"elementor-element elementor-element-68f480b elementor-widget elementor-widget-image\" data-id=\"68f480b\" data-element_type=\"widget\" data-widget_type=\"image.default\">\n\t\t\t\t<div class=\"elementor-widget-container\">\n\t\t\t\t\t\t\t\t\t\t\t\t\t\t\t<img decoding=\"async\" width=\"1800\" height=\"1582\" src=\"https:\/\/niwa.swiss\/wp-content\/uploads\/2020\/11\/niwa_dryer_detail.jpg\" class=\"attachment-full size-full wp-image-10486\" alt=\"\" srcset=\"https:\/\/niwa.swiss\/wp-content\/uploads\/2020\/11\/niwa_dryer_detail.jpg 1800w, https:\/\/niwa.swiss\/wp-content\/uploads\/2020\/11\/niwa_dryer_detail-300x264.jpg 300w, https:\/\/niwa.swiss\/wp-content\/uploads\/2020\/11\/niwa_dryer_detail-1024x900.jpg 1024w, https:\/\/niwa.swiss\/wp-content\/uploads\/2020\/11\/niwa_dryer_detail-768x675.jpg 768w, https:\/\/niwa.swiss\/wp-content\/uploads\/2020\/11\/niwa_dryer_detail-1536x1350.jpg 1536w, https:\/\/niwa.swiss\/wp-content\/uploads\/2020\/11\/niwa_dryer_detail-1200x1055.jpg 1200w, https:\/\/niwa.swiss\/wp-content\/uploads\/2020\/11\/niwa_dryer_detail-150x132.jpg 150w\" sizes=\"(max-width: 1800px) 100vw, 1800px\" \/>\t\t\t\t\t\t\t\t\t\t\t\t\t\t\t<\/div>\n\t\t\t\t<\/div>\n\t\t\t\t\t<\/div>\n\t\t<\/div>\n\t\t\t\t\t<\/div>\n\t\t<\/section>\n\t\t\t\t<\/div>\n\t\t","protected":false},"excerpt":{"rendered":"<p><strong>niwa incarne la qualit\u00e9 et la fiabilit\u00e9 <\/strong><br \/>\n<strong>Suisses gr\u00e2ce \u00e0 la haute technologie.<\/strong><\/p>\n<p class=\"p1\">Le s\u00e9choir niwa infra-ceramic Technology vous apportera un contr\u00f4le et une vitesse de s\u00e9chage tr\u00e8s rapide tout en vous apportant brillance et respect du cheveu.<\/p>\n<p class=\"p1\">Nos ing\u00e9nieurs l\u2019ont cr\u00e9\u00e9 avec un moteur de 2000W capable de d\u00e9livrer un volume d\u2019air de 83m<sup>3<\/sup>\/h et vous fera r\u00e9aliser une \u00e9conomie de 40% d\u2019\u00e9nergie.<\/p>\n<p class=\"p1\">Dot\u00e9 d\u2019un grand confort et d\u2019un \u00e9quilibre des masses, il vous soulagera le poignet. L\u2019ergonomie fine du manche et sa grande l\u00e9g\u00e8ret\u00e9 offrira une tr\u00e8s bonne prise en mains ainsi qu\u2019une manipulation ais\u00e9e.<\/p>\n","protected":false},"featured_media":10476,"comment_status":"open","ping_status":"closed","template":"","meta":[],"product_brand":[],"product_cat":[97],"product_tag":[],"class_list":{"0":"post-10936","1":"product","2":"type-product","3":"status-publish","4":"has-post-thumbnail","6":"product_cat-dryer-fr","8":"first","9":"instock","10":"taxable","11":"shipping-taxable","12":"purchasable","13":"product-type-variable"},"yoast_head":"<!-- This site is optimized with the Yoast SEO plugin v26.4 - https:\/\/yoast.com\/wordpress\/plugins\/seo\/ -->\r\n<title>dryer color - niwa.swiss - for professional use<\/title>\r\n<meta name=\"robots\" content=\"index, follow, max-snippet:-1, max-image-preview:large, max-video-preview:-1\" \/>\r\n<link rel=\"canonical\" href=\"https:\/\/niwa.swiss\/fr\/produkt\/dryer-color-2\/\" \/>\r\n<meta property=\"og:locale\" content=\"fr_FR\" \/>\r\n<meta property=\"og:type\" content=\"article\" \/>\r\n<meta property=\"og:title\" content=\"dryer color - niwa.swiss - for professional use\" \/>\r\n<meta property=\"og:description\" content=\"niwa incarne la qualit\u00e9 et la fiabilit\u00e9 Suisses gr\u00e2ce \u00e0 la haute technologie. Le s\u00e9choir niwa infra-ceramic Technology vous apportera un contr\u00f4le et une vitesse de s\u00e9chage tr\u00e8s rapide tout en vous apportant brillance et respect du cheveu. Nos ing\u00e9nieurs l\u2019ont cr\u00e9\u00e9 avec un moteur de 2000W capable de d\u00e9livrer un volume d\u2019air de 83m3\/h et vous fera r\u00e9aliser une \u00e9conomie de 40% d\u2019\u00e9nergie. Dot\u00e9 d\u2019un grand confort et d\u2019un \u00e9quilibre des masses, il vous soulagera le poignet. L\u2019ergonomie fine du manche et sa grande l\u00e9g\u00e8ret\u00e9 offrira une tr\u00e8s bonne prise en mains ainsi qu\u2019une manipulation ais\u00e9e.\" \/>\r\n<meta property=\"og:url\" content=\"https:\/\/niwa.swiss\/fr\/produkt\/dryer-color-2\/\" \/>\r\n<meta property=\"og:site_name\" content=\"niwa.swiss - for professional use\" \/>\r\n<meta property=\"article:modified_time\" content=\"2023-11-28T00:00:41+00:00\" \/>\r\n<meta property=\"og:image\" content=\"https:\/\/niwa.swiss\/wp-content\/uploads\/2020\/11\/niwa_DRYER_RED.jpg\" \/>\r\n\t<meta property=\"og:image:width\" content=\"1200\" \/>\r\n\t<meta property=\"og:image:height\" content=\"1199\" \/>\r\n\t<meta property=\"og:image:type\" content=\"image\/jpeg\" \/>\r\n<meta name=\"twitter:card\" content=\"summary_large_image\" \/>\r\n<script type=\"application\/ld+json\" class=\"yoast-schema-graph\">{\"@context\":\"https:\/\/schema.org\",\"@graph\":[{\"@type\":\"WebPage\",\"@id\":\"https:\/\/niwa.swiss\/fr\/produkt\/dryer-color-2\/\",\"url\":\"https:\/\/niwa.swiss\/fr\/produkt\/dryer-color-2\/\",\"name\":\"dryer color - niwa.swiss - for professional use\",\"isPartOf\":{\"@id\":\"https:\/\/niwa.swiss\/fr\/#website\"},\"primaryImageOfPage\":{\"@id\":\"https:\/\/niwa.swiss\/fr\/produkt\/dryer-color-2\/#primaryimage\"},\"image\":{\"@id\":\"https:\/\/niwa.swiss\/fr\/produkt\/dryer-color-2\/#primaryimage\"},\"thumbnailUrl\":\"https:\/\/niwa.swiss\/wp-content\/uploads\/2020\/11\/niwa_DRYER_RED.jpg\",\"datePublished\":\"2021-05-10T09:21:41+00:00\",\"dateModified\":\"2023-11-28T00:00:41+00:00\",\"breadcrumb\":{\"@id\":\"https:\/\/niwa.swiss\/fr\/produkt\/dryer-color-2\/#breadcrumb\"},\"inLanguage\":\"fr-FR\",\"potentialAction\":[{\"@type\":\"ReadAction\",\"target\":[\"https:\/\/niwa.swiss\/fr\/produkt\/dryer-color-2\/\"]}]},{\"@type\":\"ImageObject\",\"inLanguage\":\"fr-FR\",\"@id\":\"https:\/\/niwa.swiss\/fr\/produkt\/dryer-color-2\/#primaryimage\",\"url\":\"https:\/\/niwa.swiss\/wp-content\/uploads\/2020\/11\/niwa_DRYER_RED.jpg\",\"contentUrl\":\"https:\/\/niwa.swiss\/wp-content\/uploads\/2020\/11\/niwa_DRYER_RED.jpg\",\"width\":1200,\"height\":1199},{\"@type\":\"BreadcrumbList\",\"@id\":\"https:\/\/niwa.swiss\/fr\/produkt\/dryer-color-2\/#breadcrumb\",\"itemListElement\":[{\"@type\":\"ListItem\",\"position\":1,\"name\":\"Startseite\",\"item\":\"https:\/\/niwa.swiss\/fr\/home-niwa\/\"},{\"@type\":\"ListItem\",\"position\":2,\"name\":\"Boutique\",\"item\":\"https:\/\/niwa.swiss\/fr\/boutique\/\"},{\"@type\":\"ListItem\",\"position\":3,\"name\":\"dryer color\"}]},{\"@type\":\"WebSite\",\"@id\":\"https:\/\/niwa.swiss\/fr\/#website\",\"url\":\"https:\/\/niwa.swiss\/fr\/\",\"name\":\"niwa.swiss - for professional use\",\"description\":\"NEW PRODUCT TECHNOLOGY\",\"potentialAction\":[{\"@type\":\"SearchAction\",\"target\":{\"@type\":\"EntryPoint\",\"urlTemplate\":\"https:\/\/niwa.swiss\/fr\/?s={search_term_string}\"},\"query-input\":{\"@type\":\"PropertyValueSpecification\",\"valueRequired\":true,\"valueName\":\"search_term_string\"}}],\"inLanguage\":\"fr-FR\"}]}<\/script>\r\n<!-- \/ Yoast SEO plugin. -->","yoast_head_json":{"title":"dryer color - niwa.swiss - for professional use","robots":{"index":"index","follow":"follow","max-snippet":"max-snippet:-1","max-image-preview":"max-image-preview:large","max-video-preview":"max-video-preview:-1"},"canonical":"https:\/\/niwa.swiss\/fr\/produkt\/dryer-color-2\/","og_locale":"fr_FR","og_type":"article","og_title":"dryer color - niwa.swiss - for professional use","og_description":"niwa incarne la qualit\u00e9 et la fiabilit\u00e9 Suisses gr\u00e2ce \u00e0 la haute technologie. Le s\u00e9choir niwa infra-ceramic Technology vous apportera un contr\u00f4le et une vitesse de s\u00e9chage tr\u00e8s rapide tout en vous apportant brillance et respect du cheveu. Nos ing\u00e9nieurs l\u2019ont cr\u00e9\u00e9 avec un moteur de 2000W capable de d\u00e9livrer un volume d\u2019air de 83m3\/h et vous fera r\u00e9aliser une \u00e9conomie de 40% d\u2019\u00e9nergie. Dot\u00e9 d\u2019un grand confort et d\u2019un \u00e9quilibre des masses, il vous soulagera le poignet. L\u2019ergonomie fine du manche et sa grande l\u00e9g\u00e8ret\u00e9 offrira une tr\u00e8s bonne prise en mains ainsi qu\u2019une manipulation ais\u00e9e.","og_url":"https:\/\/niwa.swiss\/fr\/produkt\/dryer-color-2\/","og_site_name":"niwa.swiss - for professional use","article_modified_time":"2023-11-28T00:00:41+00:00","og_image":[{"width":1200,"height":1199,"url":"https:\/\/niwa.swiss\/wp-content\/uploads\/2020\/11\/niwa_DRYER_RED.jpg","type":"image\/jpeg"}],"twitter_card":"summary_large_image","schema":{"@context":"https:\/\/schema.org","@graph":[{"@type":"WebPage","@id":"https:\/\/niwa.swiss\/fr\/produkt\/dryer-color-2\/","url":"https:\/\/niwa.swiss\/fr\/produkt\/dryer-color-2\/","name":"dryer color - niwa.swiss - for professional use","isPartOf":{"@id":"https:\/\/niwa.swiss\/fr\/#website"},"primaryImageOfPage":{"@id":"https:\/\/niwa.swiss\/fr\/produkt\/dryer-color-2\/#primaryimage"},"image":{"@id":"https:\/\/niwa.swiss\/fr\/produkt\/dryer-color-2\/#primaryimage"},"thumbnailUrl":"https:\/\/niwa.swiss\/wp-content\/uploads\/2020\/11\/niwa_DRYER_RED.jpg","datePublished":"2021-05-10T09:21:41+00:00","dateModified":"2023-11-28T00:00:41+00:00","breadcrumb":{"@id":"https:\/\/niwa.swiss\/fr\/produkt\/dryer-color-2\/#breadcrumb"},"inLanguage":"fr-FR","potentialAction":[{"@type":"ReadAction","target":["https:\/\/niwa.swiss\/fr\/produkt\/dryer-color-2\/"]}]},{"@type":"ImageObject","inLanguage":"fr-FR","@id":"https:\/\/niwa.swiss\/fr\/produkt\/dryer-color-2\/#primaryimage","url":"https:\/\/niwa.swiss\/wp-content\/uploads\/2020\/11\/niwa_DRYER_RED.jpg","contentUrl":"https:\/\/niwa.swiss\/wp-content\/uploads\/2020\/11\/niwa_DRYER_RED.jpg","width":1200,"height":1199},{"@type":"BreadcrumbList","@id":"https:\/\/niwa.swiss\/fr\/produkt\/dryer-color-2\/#breadcrumb","itemListElement":[{"@type":"ListItem","position":1,"name":"Startseite","item":"https:\/\/niwa.swiss\/fr\/home-niwa\/"},{"@type":"ListItem","position":2,"name":"Boutique","item":"https:\/\/niwa.swiss\/fr\/boutique\/"},{"@type":"ListItem","position":3,"name":"dryer color"}]},{"@type":"WebSite","@id":"https:\/\/niwa.swiss\/fr\/#website","url":"https:\/\/niwa.swiss\/fr\/","name":"niwa.swiss - for professional use","description":"NEW PRODUCT TECHNOLOGY","potentialAction":[{"@type":"SearchAction","target":{"@type":"EntryPoint","urlTemplate":"https:\/\/niwa.swiss\/fr\/?s={search_term_string}"},"query-input":{"@type":"PropertyValueSpecification","valueRequired":true,"valueName":"search_term_string"}}],"inLanguage":"fr-FR"}]}},"_links":{"self":[{"href":"https:\/\/niwa.swiss\/fr\/wp-json\/wp\/v2\/product\/10936","targetHints":{"allow":["GET"]}}],"collection":[{"href":"https:\/\/niwa.swiss\/fr\/wp-json\/wp\/v2\/product"}],"about":[{"href":"https:\/\/niwa.swiss\/fr\/wp-json\/wp\/v2\/types\/product"}],"replies":[{"embeddable":true,"href":"https:\/\/niwa.swiss\/fr\/wp-json\/wp\/v2\/comments?post=10936"}],"version-history":[{"count":0,"href":"https:\/\/niwa.swiss\/fr\/wp-json\/wp\/v2\/product\/10936\/revisions"}],"wp:featuredmedia":[{"embeddable":true,"href":"https:\/\/niwa.swiss\/fr\/wp-json\/wp\/v2\/media\/10476"}],"wp:attachment":[{"href":"https:\/\/niwa.swiss\/fr\/wp-json\/wp\/v2\/media?parent=10936"}],"wp:term":[{"taxonomy":"product_brand","embeddable":true,"href":"https:\/\/niwa.swiss\/fr\/wp-json\/wp\/v2\/product_brand?post=10936"},{"taxonomy":"product_cat","embeddable":true,"href":"https:\/\/niwa.swiss\/fr\/wp-json\/wp\/v2\/product_cat?post=10936"},{"taxonomy":"product_tag","embeddable":true,"href":"https:\/\/niwa.swiss\/fr\/wp-json\/wp\/v2\/product_tag?post=10936"}],"curies":[{"name":"wp","href":"https:\/\/api.w.org\/{rel}","templated":true}]}}