{"id":11593,"date":"2023-06-12T13:15:25","date_gmt":"2023-06-12T13:15:28","guid":{"rendered":"https:\/\/niwa.swiss\/?post_type=product&#038;p=11593"},"modified":"2023-11-28T00:00:41","modified_gmt":"2023-11-28T00:00:41","slug":"niwa-one-kopie","status":"publish","type":"product","link":"https:\/\/niwa.swiss\/fr\/produkt\/niwa-one-kopie\/","title":{"rendered":"niwa one+"},"content":{"rendered":"\t\t<div data-elementor-type=\"wp-post\" data-elementor-id=\"11593\" class=\"elementor elementor-11593 elementor-11585\" data-elementor-post-type=\"product\">\n\t\t\t\t\t\t<section class=\"wd-negative-gap elementor-section elementor-top-section elementor-element elementor-element-5acf960 elementor-section-boxed elementor-section-height-default elementor-section-height-default\" data-id=\"5acf960\" data-element_type=\"section\">\n\t\t\t\t\t\t<div class=\"elementor-container elementor-column-gap-default\">\n\t\t\t\t\t<div class=\"elementor-column elementor-col-100 elementor-top-column elementor-element elementor-element-6d21d43\" data-id=\"6d21d43\" data-element_type=\"column\">\n\t\t\t<div class=\"elementor-widget-wrap elementor-element-populated\">\n\t\t\t\t\t\t<section class=\"wd-negative-gap elementor-section elementor-inner-section elementor-element elementor-element-8d3ecff elementor-section-boxed elementor-section-height-default elementor-section-height-default\" data-id=\"8d3ecff\" data-element_type=\"section\">\n\t\t\t\t\t\t<div class=\"elementor-container elementor-column-gap-default\">\n\t\t\t\t\t<div class=\"elementor-column elementor-col-50 elementor-inner-column elementor-element elementor-element-ceebb5c\" data-id=\"ceebb5c\" data-element_type=\"column\">\n\t\t\t<div class=\"elementor-widget-wrap\">\n\t\t\t\t\t\t\t<\/div>\n\t\t<\/div>\n\t\t\t\t<div class=\"elementor-column elementor-col-50 elementor-inner-column elementor-element elementor-element-7a37ea7\" data-id=\"7a37ea7\" data-element_type=\"column\">\n\t\t\t<div class=\"elementor-widget-wrap elementor-element-populated\">\n\t\t\t\t\t\t<div class=\"elementor-element elementor-element-67b2f53 elementor-widget elementor-widget-image\" data-id=\"67b2f53\" data-element_type=\"widget\" data-widget_type=\"image.default\">\n\t\t\t\t<div class=\"elementor-widget-container\">\n\t\t\t\t\t\t\t\t\t\t\t\t\t\t\t<img decoding=\"async\" width=\"1024\" height=\"1024\" src=\"https:\/\/niwa.swiss\/wp-content\/uploads\/2023\/06\/niwa-one-plus-nozzle-1024x1024.jpg\" class=\"attachment-large size-large wp-image-11637\" alt=\"\" srcset=\"https:\/\/niwa.swiss\/wp-content\/uploads\/2023\/06\/niwa-one-plus-nozzle-1024x1024.jpg 1024w, https:\/\/niwa.swiss\/wp-content\/uploads\/2023\/06\/niwa-one-plus-nozzle-300x300.jpg 300w, https:\/\/niwa.swiss\/wp-content\/uploads\/2023\/06\/niwa-one-plus-nozzle-150x150.jpg 150w, https:\/\/niwa.swiss\/wp-content\/uploads\/2023\/06\/niwa-one-plus-nozzle-768x768.jpg 768w, https:\/\/niwa.swiss\/wp-content\/uploads\/2023\/06\/niwa-one-plus-nozzle-1536x1536.jpg 1536w, https:\/\/niwa.swiss\/wp-content\/uploads\/2023\/06\/niwa-one-plus-nozzle-2048x2048.jpg 2048w, https:\/\/niwa.swiss\/wp-content\/uploads\/2023\/06\/niwa-one-plus-nozzle-1200x1200.jpg 1200w, https:\/\/niwa.swiss\/wp-content\/uploads\/2023\/06\/niwa-one-plus-nozzle-600x600.jpg 600w\" sizes=\"(max-width: 1024px) 100vw, 1024px\" \/>\t\t\t\t\t\t\t\t\t\t\t\t\t\t\t<\/div>\n\t\t\t\t<\/div>\n\t\t\t\t\t<\/div>\n\t\t<\/div>\n\t\t\t\t\t<\/div>\n\t\t<\/section>\n\t\t\t\t\t<\/div>\n\t\t<\/div>\n\t\t\t\t\t<\/div>\n\t\t<\/section>\n\t\t\t\t<\/div>\n\t\t","protected":false},"excerpt":{"rendered":"<p>niwa incarne la qualit\u00e9 et la fiabilit\u00e9 suisses gr\u00e2ce \u00e0 la haute technologie.<\/p>\n<p>Le niwa one+ est un s\u00e8che-cheveux professionnel compact de 1800 watts avec un puissant moteur BLDC \u00e0 m\u00e9moire ainsi qu\u2018un poids de seulement 300g. Le niwa one+ est ultra puissant et compact. Son moteur double puissance longue dur\u00e9e de 110 000 rotations\/ min d\u00e9livre un flux d\u2018air doux mais puissant gr\u00e2ce \u00e0 l\u2018effet moteur contr\u00f4l\u00e9 \u00e9lectroniquement. La TECHNOLOGIE ANION r\u00e9duit l\u2018\u00e9lectricit\u00e9 statique et les frisottis pour un coiffage lisse et brillant.<\/p>\n","protected":false},"featured_media":11628,"comment_status":"open","ping_status":"closed","template":"","meta":[],"product_brand":[],"product_cat":[97],"product_tag":[],"class_list":{"0":"post-11593","1":"product","2":"type-product","3":"status-publish","4":"has-post-thumbnail","6":"product_cat-dryer-fr","8":"first","9":"instock","10":"taxable","11":"shipping-taxable","12":"purchasable","13":"product-type-variable","14":"has-default-attributes"},"yoast_head":"<!-- This site is optimized with the Yoast SEO plugin v26.4 - https:\/\/yoast.com\/wordpress\/plugins\/seo\/ -->\r\n<title>niwa one+ - niwa.swiss - for professional use<\/title>\r\n<meta name=\"robots\" content=\"index, follow, max-snippet:-1, max-image-preview:large, max-video-preview:-1\" \/>\r\n<link rel=\"canonical\" href=\"https:\/\/niwa.swiss\/fr\/produkt\/niwa-one-kopie\/\" \/>\r\n<meta property=\"og:locale\" content=\"fr_FR\" \/>\r\n<meta property=\"og:type\" content=\"article\" \/>\r\n<meta property=\"og:title\" content=\"niwa one+ - niwa.swiss - for professional use\" \/>\r\n<meta property=\"og:description\" content=\"niwa incarne la qualit\u00e9 et la fiabilit\u00e9 suisses gr\u00e2ce \u00e0 la haute technologie. Le niwa one+ est un s\u00e8che-cheveux professionnel compact de 1800 watts avec un puissant moteur BLDC \u00e0 m\u00e9moire ainsi qu\u2018un poids de seulement 300g. Le niwa one+ est ultra puissant et compact. Son moteur double puissance longue dur\u00e9e de 110 000 rotations\/ min d\u00e9livre un flux d\u2018air doux mais puissant gr\u00e2ce \u00e0 l\u2018effet moteur contr\u00f4l\u00e9 \u00e9lectroniquement. La TECHNOLOGIE ANION r\u00e9duit l\u2018\u00e9lectricit\u00e9 statique et les frisottis pour un coiffage lisse et brillant.\" \/>\r\n<meta property=\"og:url\" content=\"https:\/\/niwa.swiss\/fr\/produkt\/niwa-one-kopie\/\" \/>\r\n<meta property=\"og:site_name\" content=\"niwa.swiss - for professional use\" \/>\r\n<meta property=\"article:modified_time\" content=\"2023-11-28T00:00:41+00:00\" \/>\r\n<meta property=\"og:image\" content=\"https:\/\/niwa.swiss\/wp-content\/uploads\/2023\/06\/niwa-one-plus.matte_02.jpg\" \/>\r\n\t<meta property=\"og:image:width\" content=\"1838\" \/>\r\n\t<meta property=\"og:image:height\" content=\"1838\" \/>\r\n\t<meta property=\"og:image:type\" content=\"image\/jpeg\" \/>\r\n<meta name=\"twitter:card\" content=\"summary_large_image\" \/>\r\n<meta name=\"twitter:label1\" content=\"Dur\u00e9e de lecture estim\u00e9e\" \/>\n\t<meta name=\"twitter:data1\" content=\"1 minute\" \/>\r\n<script type=\"application\/ld+json\" class=\"yoast-schema-graph\">{\"@context\":\"https:\/\/schema.org\",\"@graph\":[{\"@type\":\"WebPage\",\"@id\":\"https:\/\/niwa.swiss\/fr\/produkt\/niwa-one-kopie\/\",\"url\":\"https:\/\/niwa.swiss\/fr\/produkt\/niwa-one-kopie\/\",\"name\":\"niwa one+ - niwa.swiss - for professional use\",\"isPartOf\":{\"@id\":\"https:\/\/niwa.swiss\/fr\/#website\"},\"primaryImageOfPage\":{\"@id\":\"https:\/\/niwa.swiss\/fr\/produkt\/niwa-one-kopie\/#primaryimage\"},\"image\":{\"@id\":\"https:\/\/niwa.swiss\/fr\/produkt\/niwa-one-kopie\/#primaryimage\"},\"thumbnailUrl\":\"https:\/\/niwa.swiss\/wp-content\/uploads\/2023\/06\/niwa-one-plus.matte_02.jpg\",\"datePublished\":\"2023-06-12T13:15:28+00:00\",\"dateModified\":\"2023-11-28T00:00:41+00:00\",\"breadcrumb\":{\"@id\":\"https:\/\/niwa.swiss\/fr\/produkt\/niwa-one-kopie\/#breadcrumb\"},\"inLanguage\":\"fr-FR\",\"potentialAction\":[{\"@type\":\"ReadAction\",\"target\":[\"https:\/\/niwa.swiss\/fr\/produkt\/niwa-one-kopie\/\"]}]},{\"@type\":\"ImageObject\",\"inLanguage\":\"fr-FR\",\"@id\":\"https:\/\/niwa.swiss\/fr\/produkt\/niwa-one-kopie\/#primaryimage\",\"url\":\"https:\/\/niwa.swiss\/wp-content\/uploads\/2023\/06\/niwa-one-plus.matte_02.jpg\",\"contentUrl\":\"https:\/\/niwa.swiss\/wp-content\/uploads\/2023\/06\/niwa-one-plus.matte_02.jpg\",\"width\":1838,\"height\":1838},{\"@type\":\"BreadcrumbList\",\"@id\":\"https:\/\/niwa.swiss\/fr\/produkt\/niwa-one-kopie\/#breadcrumb\",\"itemListElement\":[{\"@type\":\"ListItem\",\"position\":1,\"name\":\"Startseite\",\"item\":\"https:\/\/niwa.swiss\/fr\/home-niwa\/\"},{\"@type\":\"ListItem\",\"position\":2,\"name\":\"Boutique\",\"item\":\"https:\/\/niwa.swiss\/fr\/boutique\/\"},{\"@type\":\"ListItem\",\"position\":3,\"name\":\"niwa one+\"}]},{\"@type\":\"WebSite\",\"@id\":\"https:\/\/niwa.swiss\/fr\/#website\",\"url\":\"https:\/\/niwa.swiss\/fr\/\",\"name\":\"niwa.swiss - for professional use\",\"description\":\"NEW PRODUCT TECHNOLOGY\",\"potentialAction\":[{\"@type\":\"SearchAction\",\"target\":{\"@type\":\"EntryPoint\",\"urlTemplate\":\"https:\/\/niwa.swiss\/fr\/?s={search_term_string}\"},\"query-input\":{\"@type\":\"PropertyValueSpecification\",\"valueRequired\":true,\"valueName\":\"search_term_string\"}}],\"inLanguage\":\"fr-FR\"}]}<\/script>\r\n<!-- \/ Yoast SEO plugin. -->","yoast_head_json":{"title":"niwa one+ - niwa.swiss - for professional use","robots":{"index":"index","follow":"follow","max-snippet":"max-snippet:-1","max-image-preview":"max-image-preview:large","max-video-preview":"max-video-preview:-1"},"canonical":"https:\/\/niwa.swiss\/fr\/produkt\/niwa-one-kopie\/","og_locale":"fr_FR","og_type":"article","og_title":"niwa one+ - niwa.swiss - for professional use","og_description":"niwa incarne la qualit\u00e9 et la fiabilit\u00e9 suisses gr\u00e2ce \u00e0 la haute technologie. Le niwa one+ est un s\u00e8che-cheveux professionnel compact de 1800 watts avec un puissant moteur BLDC \u00e0 m\u00e9moire ainsi qu\u2018un poids de seulement 300g. Le niwa one+ est ultra puissant et compact. Son moteur double puissance longue dur\u00e9e de 110 000 rotations\/ min d\u00e9livre un flux d\u2018air doux mais puissant gr\u00e2ce \u00e0 l\u2018effet moteur contr\u00f4l\u00e9 \u00e9lectroniquement. La TECHNOLOGIE ANION r\u00e9duit l\u2018\u00e9lectricit\u00e9 statique et les frisottis pour un coiffage lisse et brillant.","og_url":"https:\/\/niwa.swiss\/fr\/produkt\/niwa-one-kopie\/","og_site_name":"niwa.swiss - for professional use","article_modified_time":"2023-11-28T00:00:41+00:00","og_image":[{"width":1838,"height":1838,"url":"https:\/\/niwa.swiss\/wp-content\/uploads\/2023\/06\/niwa-one-plus.matte_02.jpg","type":"image\/jpeg"}],"twitter_card":"summary_large_image","twitter_misc":{"Dur\u00e9e de lecture estim\u00e9e":"1 minute"},"schema":{"@context":"https:\/\/schema.org","@graph":[{"@type":"WebPage","@id":"https:\/\/niwa.swiss\/fr\/produkt\/niwa-one-kopie\/","url":"https:\/\/niwa.swiss\/fr\/produkt\/niwa-one-kopie\/","name":"niwa one+ - niwa.swiss - for professional use","isPartOf":{"@id":"https:\/\/niwa.swiss\/fr\/#website"},"primaryImageOfPage":{"@id":"https:\/\/niwa.swiss\/fr\/produkt\/niwa-one-kopie\/#primaryimage"},"image":{"@id":"https:\/\/niwa.swiss\/fr\/produkt\/niwa-one-kopie\/#primaryimage"},"thumbnailUrl":"https:\/\/niwa.swiss\/wp-content\/uploads\/2023\/06\/niwa-one-plus.matte_02.jpg","datePublished":"2023-06-12T13:15:28+00:00","dateModified":"2023-11-28T00:00:41+00:00","breadcrumb":{"@id":"https:\/\/niwa.swiss\/fr\/produkt\/niwa-one-kopie\/#breadcrumb"},"inLanguage":"fr-FR","potentialAction":[{"@type":"ReadAction","target":["https:\/\/niwa.swiss\/fr\/produkt\/niwa-one-kopie\/"]}]},{"@type":"ImageObject","inLanguage":"fr-FR","@id":"https:\/\/niwa.swiss\/fr\/produkt\/niwa-one-kopie\/#primaryimage","url":"https:\/\/niwa.swiss\/wp-content\/uploads\/2023\/06\/niwa-one-plus.matte_02.jpg","contentUrl":"https:\/\/niwa.swiss\/wp-content\/uploads\/2023\/06\/niwa-one-plus.matte_02.jpg","width":1838,"height":1838},{"@type":"BreadcrumbList","@id":"https:\/\/niwa.swiss\/fr\/produkt\/niwa-one-kopie\/#breadcrumb","itemListElement":[{"@type":"ListItem","position":1,"name":"Startseite","item":"https:\/\/niwa.swiss\/fr\/home-niwa\/"},{"@type":"ListItem","position":2,"name":"Boutique","item":"https:\/\/niwa.swiss\/fr\/boutique\/"},{"@type":"ListItem","position":3,"name":"niwa one+"}]},{"@type":"WebSite","@id":"https:\/\/niwa.swiss\/fr\/#website","url":"https:\/\/niwa.swiss\/fr\/","name":"niwa.swiss - for professional use","description":"NEW PRODUCT TECHNOLOGY","potentialAction":[{"@type":"SearchAction","target":{"@type":"EntryPoint","urlTemplate":"https:\/\/niwa.swiss\/fr\/?s={search_term_string}"},"query-input":{"@type":"PropertyValueSpecification","valueRequired":true,"valueName":"search_term_string"}}],"inLanguage":"fr-FR"}]}},"_links":{"self":[{"href":"https:\/\/niwa.swiss\/fr\/wp-json\/wp\/v2\/product\/11593","targetHints":{"allow":["GET"]}}],"collection":[{"href":"https:\/\/niwa.swiss\/fr\/wp-json\/wp\/v2\/product"}],"about":[{"href":"https:\/\/niwa.swiss\/fr\/wp-json\/wp\/v2\/types\/product"}],"replies":[{"embeddable":true,"href":"https:\/\/niwa.swiss\/fr\/wp-json\/wp\/v2\/comments?post=11593"}],"version-history":[{"count":0,"href":"https:\/\/niwa.swiss\/fr\/wp-json\/wp\/v2\/product\/11593\/revisions"}],"wp:featuredmedia":[{"embeddable":true,"href":"https:\/\/niwa.swiss\/fr\/wp-json\/wp\/v2\/media\/11628"}],"wp:attachment":[{"href":"https:\/\/niwa.swiss\/fr\/wp-json\/wp\/v2\/media?parent=11593"}],"wp:term":[{"taxonomy":"product_brand","embeddable":true,"href":"https:\/\/niwa.swiss\/fr\/wp-json\/wp\/v2\/product_brand?post=11593"},{"taxonomy":"product_cat","embeddable":true,"href":"https:\/\/niwa.swiss\/fr\/wp-json\/wp\/v2\/product_cat?post=11593"},{"taxonomy":"product_tag","embeddable":true,"href":"https:\/\/niwa.swiss\/fr\/wp-json\/wp\/v2\/product_tag?post=11593"}],"curies":[{"name":"wp","href":"https:\/\/api.w.org\/{rel}","templated":true}]}}