{"id":12043,"date":"2025-11-18T15:19:03","date_gmt":"2025-11-18T15:19:03","guid":{"rendered":"https:\/\/niwa.swiss\/produkt\/niwa-one-power-in-a-bag\/"},"modified":"2025-11-18T15:26:25","modified_gmt":"2025-11-18T15:26:25","slug":"niwa-one-power-in-a-bag","status":"publish","type":"product","link":"https:\/\/niwa.swiss\/fr\/produkt\/niwa-one-power-in-a-bag\/","title":{"rendered":"niwa one+ power in a bag"},"content":{"rendered":"","protected":false},"excerpt":{"rendered":"<p>niwa incarne la qualit\u00e9 et la fiabilit\u00e9 suisses gr\u00e2ce \u00e0 la haute technologie.<\/p>\n<p>Le niwa One+ est un s\u00e8che-cheveux professionnel compact de 2 000 watts, dot\u00e9 d\u2019un moteur BLDC puissant et d\u2019un poids de seulement 320 g. Le niwa one+ est ultra puissant et compact. Son moteur durable \u00e0 double entra\u00eenement atteint 110 000 rotations par min. fournit un flux d\u2019air agr\u00e9able mais puissant gr\u00e2ce \u00e0 l\u2019effet du moteur contr\u00f4l\u00e9 \u00e9lectroniquement.<br \/> liefert einen angenehmen und dennoch starken Luftstrom durch den elektronisch gesteuerten Motoreffekt. La TECHNOLOGIE ANION r\u00e9duit l\u2018\u00e9lectricit\u00e9 statique et les frisottis pour un coiffage lisse et brillant.<\/p>\n","protected":false},"featured_media":12015,"comment_status":"open","ping_status":"closed","template":"","meta":[],"product_brand":[],"product_cat":[97],"product_tag":[],"class_list":{"0":"post-12043","1":"product","2":"type-product","3":"status-publish","4":"has-post-thumbnail","6":"product_cat-dryer-fr","8":"first","9":"instock","10":"taxable","11":"shipping-taxable","12":"purchasable","13":"product-type-simple"},"yoast_head":"<!-- This site is optimized with the Yoast SEO plugin v26.4 - https:\/\/yoast.com\/wordpress\/plugins\/seo\/ -->\r\n<title>niwa one+ power in a bag - niwa.swiss - for professional use<\/title>\r\n<meta name=\"robots\" content=\"index, follow, max-snippet:-1, max-image-preview:large, max-video-preview:-1\" \/>\r\n<link rel=\"canonical\" href=\"https:\/\/niwa.swiss\/fr\/produkt\/niwa-one-power-in-a-bag\/\" \/>\r\n<meta property=\"og:locale\" content=\"fr_FR\" \/>\r\n<meta property=\"og:type\" content=\"article\" \/>\r\n<meta property=\"og:title\" content=\"niwa one+ power in a bag - niwa.swiss - for professional use\" \/>\r\n<meta property=\"og:description\" content=\"niwa incarne la qualit\u00e9 et la fiabilit\u00e9 suisses gr\u00e2ce \u00e0 la haute technologie. Le niwa One+ est un s\u00e8che-cheveux professionnel compact de 2 000 watts, dot\u00e9 d\u2019un moteur BLDC puissant et d\u2019un poids de seulement 320 g. Le niwa one+ est ultra puissant et compact. Son moteur durable \u00e0 double entra\u00eenement atteint 110 000 rotations par min. fournit un flux d\u2019air agr\u00e9able mais puissant gr\u00e2ce \u00e0 l\u2019effet du moteur contr\u00f4l\u00e9 \u00e9lectroniquement. liefert einen angenehmen und dennoch starken Luftstrom durch den elektronisch gesteuerten Motoreffekt. La TECHNOLOGIE ANION r\u00e9duit l\u2018\u00e9lectricit\u00e9 statique et les frisottis pour un coiffage lisse et brillant.\" \/>\r\n<meta property=\"og:url\" content=\"https:\/\/niwa.swiss\/fr\/produkt\/niwa-one-power-in-a-bag\/\" \/>\r\n<meta property=\"og:site_name\" content=\"niwa.swiss - for professional use\" \/>\r\n<meta property=\"article:modified_time\" content=\"2025-11-18T15:26:25+00:00\" \/>\r\n<meta property=\"og:image\" content=\"https:\/\/niwa.swiss\/wp-content\/uploads\/2025\/10\/new-one_dryer-n2010_png_w99999_x1.webp\" \/>\r\n\t<meta property=\"og:image:width\" content=\"1500\" \/>\r\n\t<meta property=\"og:image:height\" content=\"1500\" \/>\r\n\t<meta property=\"og:image:type\" content=\"image\/webp\" \/>\r\n<meta name=\"twitter:card\" content=\"summary_large_image\" \/>\r\n<script type=\"application\/ld+json\" class=\"yoast-schema-graph\">{\"@context\":\"https:\/\/schema.org\",\"@graph\":[{\"@type\":\"WebPage\",\"@id\":\"https:\/\/niwa.swiss\/fr\/produkt\/niwa-one-power-in-a-bag\/\",\"url\":\"https:\/\/niwa.swiss\/fr\/produkt\/niwa-one-power-in-a-bag\/\",\"name\":\"niwa one+ power in a bag - niwa.swiss - for professional use\",\"isPartOf\":{\"@id\":\"https:\/\/niwa.swiss\/fr\/#website\"},\"primaryImageOfPage\":{\"@id\":\"https:\/\/niwa.swiss\/fr\/produkt\/niwa-one-power-in-a-bag\/#primaryimage\"},\"image\":{\"@id\":\"https:\/\/niwa.swiss\/fr\/produkt\/niwa-one-power-in-a-bag\/#primaryimage\"},\"thumbnailUrl\":\"https:\/\/niwa.swiss\/wp-content\/uploads\/2025\/10\/new-one_dryer-n2010_png_w99999_x1.webp\",\"datePublished\":\"2025-11-18T15:19:03+00:00\",\"dateModified\":\"2025-11-18T15:26:25+00:00\",\"breadcrumb\":{\"@id\":\"https:\/\/niwa.swiss\/fr\/produkt\/niwa-one-power-in-a-bag\/#breadcrumb\"},\"inLanguage\":\"fr-FR\",\"potentialAction\":[{\"@type\":\"ReadAction\",\"target\":[\"https:\/\/niwa.swiss\/fr\/produkt\/niwa-one-power-in-a-bag\/\"]}]},{\"@type\":\"ImageObject\",\"inLanguage\":\"fr-FR\",\"@id\":\"https:\/\/niwa.swiss\/fr\/produkt\/niwa-one-power-in-a-bag\/#primaryimage\",\"url\":\"https:\/\/niwa.swiss\/wp-content\/uploads\/2025\/10\/new-one_dryer-n2010_png_w99999_x1.webp\",\"contentUrl\":\"https:\/\/niwa.swiss\/wp-content\/uploads\/2025\/10\/new-one_dryer-n2010_png_w99999_x1.webp\",\"width\":1500,\"height\":1500},{\"@type\":\"BreadcrumbList\",\"@id\":\"https:\/\/niwa.swiss\/fr\/produkt\/niwa-one-power-in-a-bag\/#breadcrumb\",\"itemListElement\":[{\"@type\":\"ListItem\",\"position\":1,\"name\":\"Startseite\",\"item\":\"https:\/\/niwa.swiss\/fr\/home-niwa\/\"},{\"@type\":\"ListItem\",\"position\":2,\"name\":\"Boutique\",\"item\":\"https:\/\/niwa.swiss\/fr\/boutique\/\"},{\"@type\":\"ListItem\",\"position\":3,\"name\":\"niwa one+ power in a bag\"}]},{\"@type\":\"WebSite\",\"@id\":\"https:\/\/niwa.swiss\/fr\/#website\",\"url\":\"https:\/\/niwa.swiss\/fr\/\",\"name\":\"niwa.swiss - for professional use\",\"description\":\"NEW PRODUCT TECHNOLOGY\",\"potentialAction\":[{\"@type\":\"SearchAction\",\"target\":{\"@type\":\"EntryPoint\",\"urlTemplate\":\"https:\/\/niwa.swiss\/fr\/?s={search_term_string}\"},\"query-input\":{\"@type\":\"PropertyValueSpecification\",\"valueRequired\":true,\"valueName\":\"search_term_string\"}}],\"inLanguage\":\"fr-FR\"}]}<\/script>\r\n<!-- \/ Yoast SEO plugin. -->","yoast_head_json":{"title":"niwa one+ power in a bag - niwa.swiss - for professional use","robots":{"index":"index","follow":"follow","max-snippet":"max-snippet:-1","max-image-preview":"max-image-preview:large","max-video-preview":"max-video-preview:-1"},"canonical":"https:\/\/niwa.swiss\/fr\/produkt\/niwa-one-power-in-a-bag\/","og_locale":"fr_FR","og_type":"article","og_title":"niwa one+ power in a bag - niwa.swiss - for professional use","og_description":"niwa incarne la qualit\u00e9 et la fiabilit\u00e9 suisses gr\u00e2ce \u00e0 la haute technologie. Le niwa One+ est un s\u00e8che-cheveux professionnel compact de 2 000 watts, dot\u00e9 d\u2019un moteur BLDC puissant et d\u2019un poids de seulement 320 g. Le niwa one+ est ultra puissant et compact. Son moteur durable \u00e0 double entra\u00eenement atteint 110 000 rotations par min. fournit un flux d\u2019air agr\u00e9able mais puissant gr\u00e2ce \u00e0 l\u2019effet du moteur contr\u00f4l\u00e9 \u00e9lectroniquement. liefert einen angenehmen und dennoch starken Luftstrom durch den elektronisch gesteuerten Motoreffekt. La TECHNOLOGIE ANION r\u00e9duit l\u2018\u00e9lectricit\u00e9 statique et les frisottis pour un coiffage lisse et brillant.","og_url":"https:\/\/niwa.swiss\/fr\/produkt\/niwa-one-power-in-a-bag\/","og_site_name":"niwa.swiss - for professional use","article_modified_time":"2025-11-18T15:26:25+00:00","og_image":[{"width":1500,"height":1500,"url":"https:\/\/niwa.swiss\/wp-content\/uploads\/2025\/10\/new-one_dryer-n2010_png_w99999_x1.webp","type":"image\/webp"}],"twitter_card":"summary_large_image","schema":{"@context":"https:\/\/schema.org","@graph":[{"@type":"WebPage","@id":"https:\/\/niwa.swiss\/fr\/produkt\/niwa-one-power-in-a-bag\/","url":"https:\/\/niwa.swiss\/fr\/produkt\/niwa-one-power-in-a-bag\/","name":"niwa one+ power in a bag - niwa.swiss - for professional use","isPartOf":{"@id":"https:\/\/niwa.swiss\/fr\/#website"},"primaryImageOfPage":{"@id":"https:\/\/niwa.swiss\/fr\/produkt\/niwa-one-power-in-a-bag\/#primaryimage"},"image":{"@id":"https:\/\/niwa.swiss\/fr\/produkt\/niwa-one-power-in-a-bag\/#primaryimage"},"thumbnailUrl":"https:\/\/niwa.swiss\/wp-content\/uploads\/2025\/10\/new-one_dryer-n2010_png_w99999_x1.webp","datePublished":"2025-11-18T15:19:03+00:00","dateModified":"2025-11-18T15:26:25+00:00","breadcrumb":{"@id":"https:\/\/niwa.swiss\/fr\/produkt\/niwa-one-power-in-a-bag\/#breadcrumb"},"inLanguage":"fr-FR","potentialAction":[{"@type":"ReadAction","target":["https:\/\/niwa.swiss\/fr\/produkt\/niwa-one-power-in-a-bag\/"]}]},{"@type":"ImageObject","inLanguage":"fr-FR","@id":"https:\/\/niwa.swiss\/fr\/produkt\/niwa-one-power-in-a-bag\/#primaryimage","url":"https:\/\/niwa.swiss\/wp-content\/uploads\/2025\/10\/new-one_dryer-n2010_png_w99999_x1.webp","contentUrl":"https:\/\/niwa.swiss\/wp-content\/uploads\/2025\/10\/new-one_dryer-n2010_png_w99999_x1.webp","width":1500,"height":1500},{"@type":"BreadcrumbList","@id":"https:\/\/niwa.swiss\/fr\/produkt\/niwa-one-power-in-a-bag\/#breadcrumb","itemListElement":[{"@type":"ListItem","position":1,"name":"Startseite","item":"https:\/\/niwa.swiss\/fr\/home-niwa\/"},{"@type":"ListItem","position":2,"name":"Boutique","item":"https:\/\/niwa.swiss\/fr\/boutique\/"},{"@type":"ListItem","position":3,"name":"niwa one+ power in a bag"}]},{"@type":"WebSite","@id":"https:\/\/niwa.swiss\/fr\/#website","url":"https:\/\/niwa.swiss\/fr\/","name":"niwa.swiss - for professional use","description":"NEW PRODUCT TECHNOLOGY","potentialAction":[{"@type":"SearchAction","target":{"@type":"EntryPoint","urlTemplate":"https:\/\/niwa.swiss\/fr\/?s={search_term_string}"},"query-input":{"@type":"PropertyValueSpecification","valueRequired":true,"valueName":"search_term_string"}}],"inLanguage":"fr-FR"}]}},"_links":{"self":[{"href":"https:\/\/niwa.swiss\/fr\/wp-json\/wp\/v2\/product\/12043","targetHints":{"allow":["GET"]}}],"collection":[{"href":"https:\/\/niwa.swiss\/fr\/wp-json\/wp\/v2\/product"}],"about":[{"href":"https:\/\/niwa.swiss\/fr\/wp-json\/wp\/v2\/types\/product"}],"replies":[{"embeddable":true,"href":"https:\/\/niwa.swiss\/fr\/wp-json\/wp\/v2\/comments?post=12043"}],"version-history":[{"count":0,"href":"https:\/\/niwa.swiss\/fr\/wp-json\/wp\/v2\/product\/12043\/revisions"}],"wp:featuredmedia":[{"embeddable":true,"href":"https:\/\/niwa.swiss\/fr\/wp-json\/wp\/v2\/media\/12015"}],"wp:attachment":[{"href":"https:\/\/niwa.swiss\/fr\/wp-json\/wp\/v2\/media?parent=12043"}],"wp:term":[{"taxonomy":"product_brand","embeddable":true,"href":"https:\/\/niwa.swiss\/fr\/wp-json\/wp\/v2\/product_brand?post=12043"},{"taxonomy":"product_cat","embeddable":true,"href":"https:\/\/niwa.swiss\/fr\/wp-json\/wp\/v2\/product_cat?post=12043"},{"taxonomy":"product_tag","embeddable":true,"href":"https:\/\/niwa.swiss\/fr\/wp-json\/wp\/v2\/product_tag?post=12043"}],"curies":[{"name":"wp","href":"https:\/\/api.w.org\/{rel}","templated":true}]}}